{"id":283,"date":"2019-12-16T17:38:46","date_gmt":"2019-12-16T16:38:46","guid":{"rendered":"http:\/\/192.168.0.21\/?page_id=17"},"modified":"2025-10-26T15:26:48","modified_gmt":"2025-10-26T14:26:48","slug":"qui-suis-je","status":"publish","type":"page","link":"https:\/\/helenearden.com\/?page_id=283","title":{"rendered":"Qui-Suis-Je ?"},"content":{"rendered":"\n<div style=\"height:100px\" aria-hidden=\"true\" class=\"wp-block-spacer\"><\/div>\n\n\n<div class=\"wp-block-image\">\n<figure class=\"alignright size-full is-resized\"><img decoding=\"async\" width=\"1708\" height=\"2560\" data-src=\"https:\/\/helenearden.com\/wp-content\/uploads\/2025\/09\/16-copie-scaled.jpg\" alt=\"\" class=\"wp-image-775 lazyload\" style=\"--smush-placeholder-width: 1708px; --smush-placeholder-aspect-ratio: 1708\/2560;width:326px;height:453px\" data-srcset=\"https:\/\/helenearden.com\/wp-content\/uploads\/2025\/09\/16-copie-scaled.jpg 1708w, https:\/\/helenearden.com\/wp-content\/uploads\/2025\/09\/16-copie-200x300.jpg 200w, https:\/\/helenearden.com\/wp-content\/uploads\/2025\/09\/16-copie-683x1024.jpg 683w, https:\/\/helenearden.com\/wp-content\/uploads\/2025\/09\/16-copie-768x1151.jpg 768w, https:\/\/helenearden.com\/wp-content\/uploads\/2025\/09\/16-copie-1025x1536.jpg 1025w, https:\/\/helenearden.com\/wp-content\/uploads\/2025\/09\/16-copie-1366x2048.jpg 1366w, https:\/\/helenearden.com\/wp-content\/uploads\/2025\/09\/16-copie-1140x1709.jpg 1140w\" data-sizes=\"(max-width: 1708px) 100vw, 1708px\" src=\"data:image\/svg+xml;base64,PHN2ZyB3aWR0aD0iMSIgaGVpZ2h0PSIxIiB4bWxucz0iaHR0cDovL3d3dy53My5vcmcvMjAwMC9zdmciPjwvc3ZnPg==\" \/><\/figure>\n<\/div>\n\n\n<p class=\"has-drop-cap has-text-color\" style=\"color:#000000;font-size:18px\">Je suis n\u00e9e \u00e0 <strong>Marseille<\/strong> . Apr\u00e8s des \u00e9tudes d\u2019anglais, l\u2019appel du spectacle et de la sc\u00e8ne est le plus fort. Je quitte le sud et m&rsquo;installe \u00e0 <strong>Paris<\/strong>. Engag\u00e9e comme chanteuse par <strong>le cabaret les 3 Mailletz<\/strong> je vais y rester 18 ans . 18 ans d\u2019apprentissage, de bonheur, d\u2019espoirs, de d\u00e9ceptions.&nbsp;\u00ab&nbsp;<strong>La vie d\u2019Helene A.&nbsp;<\/strong>\u00bb est le premier spectacle que j&rsquo;ai \u00e9crit, j&rsquo;y raconte ma vie en chansons. Dans<strong> \u00ab&nbsp;Les enfants du soleil&nbsp;\u00bb<\/strong>, com\u00e9die musicale de Cyril Assous et <strong>Didier Barbelivien<\/strong>, mise en sc\u00e8ne par <strong>Alexandre Arcady<\/strong>, je suis la jeune m\u00e8re de Shirel, fuyant l\u2019Alg\u00e9rie et la guerre pour se retrouver \u00e0 Marseille. Ce spectacle sera cr\u00e9\u00e9 au <strong>D\u00f4me de Marseille<\/strong>, jou\u00e9 au <strong>Z\u00e9nith de Paris <\/strong>et \u00e0 <strong>La Halle aux grains \u00e0 Lyon.<\/strong> En 2004 je joue dans le spectacle&nbsp;<strong>\u00ab&nbsp; Brel ou l\u2019impossible r\u00eave&nbsp;\u00bb d\u2019 Andr\u00e9 Nerman,  <\/strong>au <strong>Tambour Royal \u00e0 Paris<\/strong> et en <strong>tourn\u00e9e au Japon<\/strong> en 2008.<br>2011: J&rsquo;\u00e9cris <strong>\u00ab\u00a0Edith, Marilyn ,Simone et Montand\u00a0\u00bb<\/strong>. Un spectacle musical sur la vie et les amours de Montand, <strong>mis en sc\u00e8ne par Val\u00e9ry Rodriguez<\/strong> jou\u00e9 plus de <strong>200 fois<\/strong>, \u00e0 Paris, au <strong>Gymnase<\/strong>, au <strong>Lucernaire<\/strong>, lors du <strong>festival d&rsquo;Avignon<\/strong>, en tourn\u00e9e, ainsi qu&rsquo;en <strong>Cor\u00e9e du Sud<\/strong><\/p>\n\n\n\n<p class=\"has-text-color\" style=\"color:#000000;font-size:18px\">2015: ce sera un spectacle musical sur Claude fran\u00e7ois <strong>\u00ab\u00a0For Ever\u00a0\u00bb<\/strong>. <strong>Festival d&rsquo;Avignon<\/strong>, et tourn\u00e9e.<\/p>\n\n\n\n<div style=\"height:18px\" aria-hidden=\"true\" class=\"wp-block-spacer\"><\/div>\n\n\n\n<p class=\"has-drop-cap has-black-color has-text-color has-link-color wp-elements-f75f0a2017744603ac519179e810d469\" style=\"font-size:18px\">2020: J&rsquo;adapte le roman de <strong>Laetitia Colombani<\/strong> <strong>\u00ab\u00a0La tresse\u00a0\u00bb<\/strong>, toujours accompagn\u00e9e par<strong> Val\u00e9ry Rodriguez <\/strong>\u00e0 la mise en sc\u00e8ne. Plus de 200 repr\u00e9sentations vont s&rsquo;enchainer: <strong>2 Festivals d&rsquo;Avignon complets<\/strong>, <strong>130 repr\u00e9sentations \u00e0 la Com\u00e9die Bastille<\/strong> \u00e0 Paris, tourn\u00e9e. Et le<strong> prix du Cyrano 2022 du Meilleur Seul en Sc\u00e8ne.<\/strong><\/p>\n\n\n\n<div style=\"height:43px\" aria-hidden=\"true\" class=\"wp-block-spacer\"><\/div>\n\n\n\n<p class=\"has-black-color has-text-color has-link-color wp-elements-f3e653cae4af946abbd3863aeac3b734\" style=\"font-size:18px\">2025: Cr\u00e9ation d&rsquo;un nouveau spectacle, en tant qu&rsquo;autrice et interpr\u00e8te, mis en sc\u00e8ne par Val\u00e9ry Rodriguez: <strong>LOV<\/strong><\/p>\n\n\n\n<p><\/p>\n\n\n\n<p class=\"is-style-large has-black-color has-text-color\" style=\"font-size:18px\"><\/p>\n\n\n\n<p><\/p>\n\n\n\n<div style=\"height:100px\" aria-hidden=\"true\" class=\"wp-block-spacer\"><\/div>\n\n\n\n<div class=\"wp-block-wpzoom-blocks-social-icons is-style-with-canvas-rounded\" style=\"--wpz-social-icons-block-item-font-size:25px;--wpz-social-icons-block-item-padding-horizontal:6px;--wpz-social-icons-block-item-padding-vertical:6px;--wpz-social-icons-block-item-margin-horizontal:5px;--wpz-social-icons-block-item-margin-vertical:5px;--wpz-social-icons-block-item-border-radius:6px;--wpz-social-icons-block-label-font-size:16px;--wpz-social-icons-block-label-color:#2e3131;--wpz-social-icons-block-label-color-hover:#2e3131;--wpz-social-icons-alignment:center\"><a href=\"https:\/\/fr-fr.facebook.com\/helene.arden.5\" class=\"social-icon-link\" title=\"Facebook\" target=\"_blank\" rel=\"noopener noreferrer\" style=\"--wpz-social-icons-block-item-color:#1877F2;--wpz-social-icons-block-item-color-hover:#1877F2\"><span class=\"social-icon socicon socicon-facebook\"><\/span><\/a><a href=\"https:\/\/twitter.com\/ardenhelene\" class=\"social-icon-link\" title=\"Twitter\" target=\"_blank\" rel=\"noopener noreferrer\" style=\"--wpz-social-icons-block-item-color:#1da1f2;--wpz-social-icons-block-item-color-hover:#1da1f2\"><span class=\"social-icon socicon socicon-twitter\"><\/span><\/a><a href=\"https:\/\/instagram.com\/arden.helene?igshid=9q0oulvzsnuh\" class=\"social-icon-link\" title=\"Instagram\" target=\"_blank\" rel=\"noopener noreferrer\" style=\"--wpz-social-icons-block-item-color:#E4405F;--wpz-social-icons-block-item-color-hover:#E4405F\"><span class=\"social-icon socicon socicon-instagram\"><\/span><\/a><a href=\"https:\/\/www.youtube.com\/channel\/UCG_8c3_VlwqSdI7ieHL3sLQ\" class=\"social-icon-link\" title=\"Youtube\" target=\"_blank\" rel=\"noopener noreferrer\" style=\"--wpz-social-icons-block-item-color:#f2182b;--wpz-social-icons-block-item-color-hover:#f21841\"><span class=\"social-icon socicon socicon-youtube\"><\/span><\/a><a href=\"http:\/\/edithmarilynsimoneetyvesmontand.blogspot.com\/https:\/\/wordpress.org\" class=\"social-icon-link\" title=\"Blogger\" target=\"_blank\" rel=\"noopener noreferrer\" style=\"--wpz-social-icons-block-item-color:#f26e18;--wpz-social-icons-block-item-color-hover:#f27518\"><span class=\"social-icon socicon socicon-blogger\"><\/span><\/a><\/div>\n","protected":false},"excerpt":{"rendered":"<p>Je suis n\u00e9e \u00e0 Marseille . Apr\u00e8s des \u00e9tudes d\u2019anglais, l\u2019appel du spectacle et de la sc\u00e8ne est le plus fort. Je quitte le sud et m&rsquo;installe \u00e0 Paris. Engag\u00e9e comme chanteuse par le cabaret les 3 Mailletz je vais y rester 18 ans . 18 ans d\u2019apprentissage, de bonheur, d\u2019espoirs, de d\u00e9ceptions.&nbsp;\u00ab&nbsp;La vie d\u2019Helene A.&nbsp;\u00bb est le premier spectacle que j&rsquo;ai \u00e9crit, j&rsquo;y raconte ma vie en chansons. Dans \u00ab&nbsp;Les enfants du soleil&nbsp;\u00bb, com\u00e9die musicale de Cyril Assous et Didier Barbelivien, mise en sc\u00e8ne par Alexandre Arcady, je suis la jeune m\u00e8re de Shirel, fuyant l\u2019Alg\u00e9rie et la guerre pour se retrouver \u00e0 Marseille. Ce spectacle sera cr\u00e9\u00e9 au D\u00f4me de Marseille, jou\u00e9 au Z\u00e9nith de Paris et \u00e0 La Halle aux grains \u00e0 Lyon. En 2004 je joue dans le spectacle&nbsp;\u00ab&nbsp; Brel ou l\u2019impossible r\u00eave&nbsp;\u00bb d\u2019 Andr\u00e9 Nerman, au Tambour Royal \u00e0 Paris et en tourn\u00e9e au Japon en 2008.2011: J&rsquo;\u00e9cris \u00ab\u00a0Edith, Marilyn ,Simone et Montand\u00a0\u00bb. Un spectacle musical sur la vie et les amours de Montand, mis en sc\u00e8ne par Val\u00e9ry Rodriguez jou\u00e9 plus de 200 fois, \u00e0 Paris, au Gymnase, au Lucernaire, lors du festival d&rsquo;Avignon, en tourn\u00e9e, ainsi qu&rsquo;en Cor\u00e9e du Sud 2015: ce sera un spectacle musical sur Claude fran\u00e7ois \u00ab\u00a0For Ever\u00a0\u00bb. Festival d&rsquo;Avignon, et tourn\u00e9e. 2020: J&rsquo;adapte le roman de Laetitia Colombani \u00ab\u00a0La tresse\u00a0\u00bb, toujours accompagn\u00e9e par Val\u00e9ry Rodriguez \u00e0 la mise en sc\u00e8ne. Plus de 200 repr\u00e9sentations vont s&rsquo;enchainer: 2 Festivals d&rsquo;Avignon complets, 130 repr\u00e9sentations \u00e0 la Com\u00e9die Bastille \u00e0 Paris, tourn\u00e9e. Et le prix du Cyrano 2022 du Meilleur Seul en Sc\u00e8ne. 2025: Cr\u00e9ation d&rsquo;un nouveau spectacle, en tant qu&rsquo;autrice et interpr\u00e8te, mis en sc\u00e8ne par Val\u00e9ry Rodriguez: LOV<\/p>\n","protected":false},"author":1,"featured_media":0,"parent":0,"menu_order":0,"comment_status":"closed","ping_status":"closed","template":"","meta":{"footnotes":""},"class_list":["post-283","page","type-page","status-publish","hentry"],"aioseo_notices":[],"_links":{"self":[{"href":"https:\/\/helenearden.com\/index.php?rest_route=\/wp\/v2\/pages\/283","targetHints":{"allow":["GET"]}}],"collection":[{"href":"https:\/\/helenearden.com\/index.php?rest_route=\/wp\/v2\/pages"}],"about":[{"href":"https:\/\/helenearden.com\/index.php?rest_route=\/wp\/v2\/types\/page"}],"author":[{"embeddable":true,"href":"https:\/\/helenearden.com\/index.php?rest_route=\/wp\/v2\/users\/1"}],"replies":[{"embeddable":true,"href":"https:\/\/helenearden.com\/index.php?rest_route=%2Fwp%2Fv2%2Fcomments&post=283"}],"version-history":[{"count":18,"href":"https:\/\/helenearden.com\/index.php?rest_route=\/wp\/v2\/pages\/283\/revisions"}],"predecessor-version":[{"id":858,"href":"https:\/\/helenearden.com\/index.php?rest_route=\/wp\/v2\/pages\/283\/revisions\/858"}],"wp:attachment":[{"href":"https:\/\/helenearden.com\/index.php?rest_route=%2Fwp%2Fv2%2Fmedia&parent=283"}],"curies":[{"name":"wp","href":"https:\/\/api.w.org\/{rel}","templated":true}]}}